{"id":11,"date":"2025-11-12T23:45:52","date_gmt":"2025-11-12T23:45:52","guid":{"rendered":"https:\/\/oyukicats.org\/?page_id=11"},"modified":"2025-11-12T23:45:52","modified_gmt":"2025-11-12T23:45:52","slug":"11-2","status":"publish","type":"page","link":"https:\/\/oyukicats.org\/","title":{"rendered":""},"content":{"rendered":"<div style=\"color:#FFFFFF; text-align:center; max-width:800px; margin:0 auto; padding:40px 20px;\">\n<h1 style=\"font-size:48px; font-weight:700; margin-bottom:40px;\">\n        Algo hermoso est\u00e1 por comenzar\u2026<br \/>\n    <\/h1>\n<p style=\"font-size:20px; line-height:1.6; margin-bottom:20px;\">\n        A veces los grandes cambios nacen en silencio.\n    <\/p>\n<p style=\"font-size:20px; line-height:1.6; margin-bottom:20px;\">\n        Algo lleno de esperanza, amor y prop\u00f3sito se est\u00e1 preparando.\n    <\/p>\n<p style=\"font-size:20px; line-height:1.6; margin-bottom:40px;\">\n        Muy pronto, el puente tomar\u00e1 forma\u2026 y todos podr\u00e1n verlo.\n    <\/p>\n<p style=\"font-size:22px; font-weight:600; opacity:0.9;\">\n        \ud83d\udc9c Pronto sabr\u00e1s m\u00e1s\u2026\n    <\/p>\n<\/div>\n","protected":false},"excerpt":{"rendered":"<p>Algo hermoso est\u00e1 por comenzar\u2026 A veces los grandes cambios nacen en silencio. Algo lleno de esperanza, amor y prop\u00f3sito se est\u00e1 preparando. Muy pronto, el puente tomar\u00e1 forma\u2026 y todos podr\u00e1n verlo. \ud83d\udc9c Pronto sabr\u00e1s m\u00e1s\u2026<\/p>\n","protected":false},"author":1,"featured_media":0,"parent":0,"menu_order":0,"comment_status":"closed","ping_status":"closed","template":"","meta":{"footnotes":""},"class_list":["post-11","page","type-page","status-publish","hentry"],"_links":{"self":[{"href":"https:\/\/oyukicats.org\/index.php\/wp-json\/wp\/v2\/pages\/11","targetHints":{"allow":["GET"]}}],"collection":[{"href":"https:\/\/oyukicats.org\/index.php\/wp-json\/wp\/v2\/pages"}],"about":[{"href":"https:\/\/oyukicats.org\/index.php\/wp-json\/wp\/v2\/types\/page"}],"author":[{"embeddable":true,"href":"https:\/\/oyukicats.org\/index.php\/wp-json\/wp\/v2\/users\/1"}],"replies":[{"embeddable":true,"href":"https:\/\/oyukicats.org\/index.php\/wp-json\/wp\/v2\/comments?post=11"}],"version-history":[{"count":1,"href":"https:\/\/oyukicats.org\/index.php\/wp-json\/wp\/v2\/pages\/11\/revisions"}],"predecessor-version":[{"id":12,"href":"https:\/\/oyukicats.org\/index.php\/wp-json\/wp\/v2\/pages\/11\/revisions\/12"}],"wp:attachment":[{"href":"https:\/\/oyukicats.org\/index.php\/wp-json\/wp\/v2\/media?parent=11"}],"curies":[{"name":"wp","href":"https:\/\/api.w.org\/{rel}","templated":true}]}}